{"id":12,"date":"2025-05-17T14:57:15","date_gmt":"2025-05-17T14:57:15","guid":{"rendered":"https:\/\/hypeloot-scam-exposed.com\/?page_id=12"},"modified":"2026-02-17T09:13:23","modified_gmt":"2026-02-17T08:13:23","slug":"home","status":"publish","type":"page","link":"https:\/\/hypeloot-scam-exposed.com\/es\/","title":{"rendered":"Inicio"},"content":{"rendered":"<div data-elementor-type=\"wp-page\" data-elementor-id=\"12\" class=\"elementor elementor-12\">\n\t\t\t\t<div class=\"elementor-element elementor-element-f8edc70 e-flex e-con-boxed e-con e-parent\" data-id=\"f8edc70\" data-element_type=\"container\" data-e-type=\"container\" data-settings=\"{&quot;background_background&quot;:&quot;classic&quot;}\">\n\t\t\t\t\t<div class=\"e-con-inner\">\n\t\t\t\t<div class=\"elementor-element elementor-element-f35d7d7 elementor-widget__width-initial elementor-widget elementor-widget-heading\" data-id=\"f35d7d7\" data-element_type=\"widget\" data-e-type=\"widget\" data-widget_type=\"heading.default\">\n\t\t\t\t<div class=\"elementor-widget-container\">\n\t\t\t\t\t<p class=\"elementor-heading-title elementor-size-default\">Estafa de preventa de Hypeloot expuesta<\/p>\t\t\t\t<\/div>\n\t\t\t\t<\/div>\n\t\t\t\t<div class=\"elementor-element elementor-element-7452c4c elementor-widget__width-initial elementor-widget elementor-widget-heading\" data-id=\"7452c4c\" data-element_type=\"widget\" data-e-type=\"widget\" data-widget_type=\"heading.default\">\n\t\t\t\t<div class=\"elementor-widget-container\">\n\t\t\t\t\t<h1 class=\"elementor-heading-title elementor-size-default\">Este sitio web expone la estafa de los miembros del equipo de preventa de tokens de casino en l\u00ednea Hypeloot (HPLT)<\/h1>\t\t\t\t<\/div>\n\t\t\t\t<\/div>\n\t\t\t\t\t<\/div>\n\t\t\t\t<\/div>\n\t\t<div class=\"elementor-element elementor-element-31e6ad7 e-flex e-con-boxed e-con e-parent\" data-id=\"31e6ad7\" data-element_type=\"container\" data-e-type=\"container\">\n\t\t\t\t\t<div class=\"e-con-inner\">\n\t\t<div class=\"elementor-element elementor-element-a891e38 e-con-full e-flex e-con e-child\" data-id=\"a891e38\" data-element_type=\"container\" data-e-type=\"container\" data-settings=\"{&quot;background_background&quot;:&quot;classic&quot;}\">\n\t\t\t\t<div class=\"elementor-element elementor-element-e3e8a5a elementor-widget elementor-widget-image-box\" data-id=\"e3e8a5a\" data-element_type=\"widget\" data-e-type=\"widget\" data-widget_type=\"image-box.default\">\n\t\t\t\t<div class=\"elementor-widget-container\">\n\t\t\t\t\t<div class=\"elementor-image-box-wrapper\"><div class=\"elementor-image-box-content\"><h2 class=\"elementor-image-box-title\">El equipo de Hypeloot ha robado m\u00e1s de $2.1 Millones con esta estafa<\/h2><p class=\"elementor-image-box-description\">Despu\u00e9s de leer la informaci\u00f3n de este sitio queda claro que se trata de un enorme caso de fraude y malversaci\u00f3n. Como v\u00edctimas confiamos en que con esta informaci\u00f3n los responsables puedan y sean procesados y condenados. <\/p><\/div><\/div>\t\t\t\t<\/div>\n\t\t\t\t<\/div>\n\t\t\t\t<\/div>\n\t\t<div class=\"elementor-element elementor-element-03f46d3 e-con-full e-flex e-con e-child\" data-id=\"03f46d3\" data-element_type=\"container\" data-e-type=\"container\" data-settings=\"{&quot;background_background&quot;:&quot;classic&quot;}\">\n\t\t\t\t<div class=\"elementor-element elementor-element-09284e8 elementor-widget elementor-widget-image\" data-id=\"09284e8\" data-element_type=\"widget\" data-e-type=\"widget\" data-widget_type=\"image.default\">\n\t\t\t\t<div class=\"elementor-widget-container\">\n\t\t\t\t\t\t\t\t\t\t\t\t\t\t\t<img fetchpriority=\"high\" decoding=\"async\" width=\"602\" height=\"602\" src=\"https:\/\/hypeloot-scam-exposed.com\/wp-content\/uploads\/2025\/05\/Hype-home-header.jpg\" class=\"attachment-full size-full wp-image-1189\" alt=\"\" srcset=\"https:\/\/hypeloot-scam-exposed.com\/wp-content\/uploads\/2025\/05\/Hype-home-header.jpg 602w, https:\/\/hypeloot-scam-exposed.com\/wp-content\/uploads\/2025\/05\/Hype-home-header-300x300.jpg 300w, https:\/\/hypeloot-scam-exposed.com\/wp-content\/uploads\/2025\/05\/Hype-home-header-150x150.jpg 150w\" sizes=\"(max-width: 602px) 100vw, 602px\" \/>\t\t\t\t\t\t\t\t\t\t\t\t\t\t\t<\/div>\n\t\t\t\t<\/div>\n\t\t\t\t<\/div>\n\t\t\t\t\t<\/div>\n\t\t\t\t<\/div>\n\t\t<div class=\"elementor-element elementor-element-f9320ed e-grid e-con-boxed e-con e-parent\" data-id=\"f9320ed\" data-element_type=\"container\" data-e-type=\"container\">\n\t\t\t\t\t<div class=\"e-con-inner\">\n\t\t\t\t<div class=\"elementor-element elementor-element-0ac360f elementor-widget elementor-widget-text-editor\" data-id=\"0ac360f\" data-element_type=\"widget\" data-e-type=\"widget\" data-widget_type=\"text-editor.default\">\n\t\t\t\t<div class=\"elementor-widget-container\">\n\t\t\t\t\t\t\t\t\t<h5><strong>El casino en l\u00ednea Hypeloot (<a href=\"https:\/\/hypeloot.com\">https:\/\/hypeloot.com<\/a> ) ha puesto en marcha una preventa de la ficha HPLT en el sitio web <a href=\"https:\/\/presale.hypeloot.com\">https:\/\/presale.hypeloot.com<\/a> el 01-02-24.<\/strong><\/h5><h5><strong>HypeLoot es una marca comercial de Abacanes LTD, n\u00ba de registro: HE443277, con domicilio social en Strovolou, 77 STROVOLOS CENTER, 4\u00aa planta, oficina 401 Strovolos, Nicosia, Chipre. Abacanes ha sido creada por Fidesta Limited. Fidesta es una empresa especializada en la administraci\u00f3n de empresas, autorizada y regulada por la Cyprus Securities and Exchange Commission (CySEC) como Proveedor de Servicios Administrativos - licencia n\u00ba 197\/19.<\/strong><\/h5><h5><strong>Miembros del equipo: Alejandro Rojas Torres (Mr. Hype), Dmitriy Pishkin (Ivanov) y Sviatoslav Bykhovski.<\/strong><\/h5><h5><strong>En el sitio web Hypeloot.com, en su canal oficial X, en su grupo p\u00fablico de Telegram y en el libro blanco publicado se hicieron muchas promesas:<\/strong><\/h5><h5><strong>Ampliaci\u00f3n del casino en l\u00ednea con la integraci\u00f3n de m\u00e1quinas tragaperras, juegos de casino en vivo y apuestas deportivas. Estas funciones se lanzar\u00edan en el tercer trimestre del 24.<\/strong><\/h5><h5><strong>Recompensas diarias en HPLT y USDT.<\/strong><\/h5><h5><strong>Ganancia de los NFT de bombo y platillo y de los NFT deportivos. Las NFT deportivas ganar\u00edan 1% de los ingresos de las apuestas deportivas del deporte que representan.<\/strong><\/h5><h5><strong>Esfuerzos continuos de marketing para promocionar la preventa y el concepto de casino.<\/strong><\/h5><h5><strong>Precio de lanzamiento del token: $0,20.<\/strong><\/h5><h5><strong>Recompra y quema de tokens una vez que se lance.<\/strong><\/h5><h4><strong>A d\u00eda de hoy, ninguna de estas promesas se ha materializado. El equipo ha desaparecido.<\/strong><\/h4><h4><strong>Si ha sido v\u00edctima de esta estafa, presente una denuncia ante la polic\u00eda de su pa\u00eds.\u00a0<\/strong><\/h4><h4><strong>Puede consultar esta p\u00e1gina para saber d\u00f3nde puede presentar su denuncia: <a href=\"https:\/\/www.europol.europa.eu\/report-a-crime\/report-cybercrime-online\">https:\/\/www.europol.europa.eu\/report-a-crime\/report-cybercrime-online<\/a><\/strong><\/h4>\t\t\t\t\t\t\t\t<\/div>\n\t\t\t\t<\/div>\n\t\t\t\t\t<\/div>\n\t\t\t\t<\/div>\n\t\t<div class=\"elementor-element elementor-element-169f65d e-flex e-con-boxed e-con e-parent\" data-id=\"169f65d\" data-element_type=\"container\" data-e-type=\"container\">\n\t\t\t\t\t<div class=\"e-con-inner\">\n\t\t\t\t<div class=\"elementor-element elementor-element-697b1a6 elementor-widget__width-inherit elementor-widget elementor-widget-heading\" data-id=\"697b1a6\" data-element_type=\"widget\" data-e-type=\"widget\" data-widget_type=\"heading.default\">\n\t\t\t\t<div class=\"elementor-widget-container\">\n\t\t\t\t\t<p class=\"elementor-heading-title elementor-size-default\">Trabajemos juntos y hagamos justicia<\/p>\t\t\t\t<\/div>\n\t\t\t\t<\/div>\n\t\t\t\t<div class=\"elementor-element elementor-element-92e8212 elementor-widget elementor-widget-heading\" data-id=\"92e8212\" data-element_type=\"widget\" data-e-type=\"widget\" data-widget_type=\"heading.default\">\n\t\t\t\t<div class=\"elementor-widget-container\">\n\t\t\t\t\t<h2 class=\"elementor-heading-title elementor-size-default\">Lee todo sobre esta estafa eloborada y corre la voz<\/h2>\t\t\t\t<\/div>\n\t\t\t\t<\/div>\n\t\t\t\t\t<\/div>\n\t\t\t\t<\/div>\n\t\t<div class=\"elementor-element elementor-element-a3ad671 e-grid e-con-boxed e-con e-parent\" data-id=\"a3ad671\" data-element_type=\"container\" data-e-type=\"container\">\n\t\t\t\t\t<div class=\"e-con-inner\">\n\t\t\t\t<div class=\"elementor-element elementor-element-81cb8d5 elementor-widget elementor-widget-text-editor\" data-id=\"81cb8d5\" data-element_type=\"widget\" data-e-type=\"widget\" data-widget_type=\"text-editor.default\">\n\t\t\t\t<div class=\"elementor-widget-container\">\n\t\t\t\t\t\t\t\t\t<h3><a href=\"https:\/\/hypeloot-scam-exposed.com\/es\/equipo-hypeloot\/\">Equipo<\/a><\/h3><h3>Conozca a los miembros del equipo que est\u00e1 detr\u00e1s de la estafa<\/h3>\t\t\t\t\t\t\t\t<\/div>\n\t\t\t\t<\/div>\n\t\t\t\t<div class=\"elementor-element elementor-element-796a4eb elementor-widget elementor-widget-text-editor\" data-id=\"796a4eb\" data-element_type=\"widget\" data-e-type=\"widget\" data-widget_type=\"text-editor.default\">\n\t\t\t\t<div class=\"elementor-widget-container\">\n\t\t\t\t\t\t\t\t\t<h3><a href=\"https:\/\/hypeloot-scam-exposed.com\/es\/hypeloot-on-x\/\">Hypeloot en X<\/a><\/h3><h3>Todas las promesas y mentiras que han hecho en la plataforma de medios sociales X<\/h3>\t\t\t\t\t\t\t\t<\/div>\n\t\t\t\t<\/div>\n\t\t\t\t<div class=\"elementor-element elementor-element-9ce60cc elementor-widget elementor-widget-text-editor\" data-id=\"9ce60cc\" data-element_type=\"widget\" data-e-type=\"widget\" data-widget_type=\"text-editor.default\">\n\t\t\t\t<div class=\"elementor-widget-container\">\n\t\t\t\t\t\t\t\t\t<h3><a href=\"https:\/\/hypeloot-scam-exposed.com\/es\/grupo-publico-de-telegramas\/\">Grupo de Telegramas Hypeloot<\/a><\/h3><h3>Ver los mensajes m\u00e1s importantes del grupo de telegramas eliminado<\/h3>\t\t\t\t\t\t\t\t<\/div>\n\t\t\t\t<\/div>\n\t\t\t\t<div class=\"elementor-element elementor-element-875a0d0 elementor-widget elementor-widget-text-editor\" data-id=\"875a0d0\" data-element_type=\"widget\" data-e-type=\"widget\" data-widget_type=\"text-editor.default\">\n\t\t\t\t<div class=\"elementor-widget-container\">\n\t\t\t\t\t\t\t\t\t<h3><a href=\"https:\/\/hypeloot-scam-exposed.com\/es\/hypeloot-websites\/\">Sitios web de Hypeloot<\/a><\/h3><h3>Revise los sitios web de Hypeloot para la temporada 1 y la temporada 2<\/h3>\t\t\t\t\t\t\t\t<\/div>\n\t\t\t\t<\/div>\n\t\t\t\t\t<\/div>\n\t\t\t\t<\/div>\n\t\t<div class=\"elementor-element elementor-element-bc2e5a2 e-grid e-con-boxed e-con e-parent\" data-id=\"bc2e5a2\" data-element_type=\"container\" data-e-type=\"container\">\n\t\t\t\t\t<div class=\"e-con-inner\">\n\t\t\t\t<div class=\"elementor-element elementor-element-91c4aea elementor-widget elementor-widget-text-editor\" data-id=\"91c4aea\" data-element_type=\"widget\" data-e-type=\"widget\" data-widget_type=\"text-editor.default\">\n\t\t\t\t<div class=\"elementor-widget-container\">\n\t\t\t\t\t\t\t\t\t<h3><a href=\"https:\/\/hypeloot-scam-exposed.com\/es\/blockchain-transacciones\/\">Transacciones Blockchain<\/a><\/h3><h3>Compruebe las transacciones de blockchain para ver que los estafadores han robado m\u00e1s de $2.1 Millones<\/h3>\t\t\t\t\t\t\t\t<\/div>\n\t\t\t\t<\/div>\n\t\t\t\t<div class=\"elementor-element elementor-element-4a1d07e elementor-widget elementor-widget-text-editor\" data-id=\"4a1d07e\" data-element_type=\"widget\" data-e-type=\"widget\" data-widget_type=\"text-editor.default\">\n\t\t\t\t<div class=\"elementor-widget-container\">\n\t\t\t\t\t\t\t\t\t<h3><a href=\"https:\/\/hypeloot-scam-exposed.com\/es\/noticias\/\">Noticias y actualidad<\/a><\/h3><h3>Lea las \u00faltimas noticias y actualizaciones<\/h3>\t\t\t\t\t\t\t\t<\/div>\n\t\t\t\t<\/div>\n\t\t\t\t\t<\/div>\n\t\t\t\t<\/div>\n\t\t<div class=\"elementor-element elementor-element-39c4d69 e-flex e-con-boxed e-con e-parent\" data-id=\"39c4d69\" data-element_type=\"container\" data-e-type=\"container\" data-settings=\"{&quot;background_background&quot;:&quot;classic&quot;}\">\n\t\t\t\t\t<div class=\"e-con-inner\">\n\t\t\t\t<div class=\"elementor-element elementor-element-96a3832 elementor-widget__width-initial elementor-widget elementor-widget-heading\" data-id=\"96a3832\" data-element_type=\"widget\" data-e-type=\"widget\" data-widget_type=\"heading.default\">\n\t\t\t\t<div class=\"elementor-widget-container\">\n\t\t\t\t\t<p class=\"elementor-heading-title elementor-size-default\">Estas personas son estafadores y no se puede confiar en ellos.<\/p>\t\t\t\t<\/div>\n\t\t\t\t<\/div>\n\t\t\t\t<div class=\"elementor-element elementor-element-a9292c0 elementor-widget__width-initial elementor-widget elementor-widget-heading\" data-id=\"a9292c0\" data-element_type=\"widget\" data-e-type=\"widget\" data-widget_type=\"heading.default\">\n\t\t\t\t<div class=\"elementor-widget-container\">\n\t\t\t\t\t<h2 class=\"elementor-heading-title elementor-size-default\">Tenga cuidado al entablar relaciones comerciales con Alejandro Torres, Dmitry Pishkin y Sviatoslav Bykhovski.<\/h2>\t\t\t\t<\/div>\n\t\t\t\t<\/div>\n\t\t\t\t\t<\/div>\n\t\t\t\t<\/div>\n\t\t\t\t<\/div>","protected":false},"excerpt":{"rendered":"<p>Hypeloot presale scam exposed This website exposes the scam by the team members of the Hypeloot online casino token (HPLT) [&hellip;]<\/p>\n","protected":false},"author":1,"featured_media":0,"parent":0,"menu_order":0,"comment_status":"closed","ping_status":"closed","template":"","meta":{"site-sidebar-layout":"no-sidebar","site-content-layout":"","ast-site-content-layout":"full-width-container","site-content-style":"unboxed","site-sidebar-style":"default","ast-global-header-display":"","ast-banner-title-visibility":"","ast-main-header-display":"","ast-hfb-above-header-display":"","ast-hfb-below-header-display":"","ast-hfb-mobile-header-display":"","site-post-title":"disabled","ast-breadcrumbs-content":"","ast-featured-img":"disabled","footer-sml-layout":"","theme-transparent-header-meta":"enabled","adv-header-id-meta":"","stick-header-meta":"","header-above-stick-meta":"","header-main-stick-meta":"","header-below-stick-meta":"","astra-migrate-meta-layouts":"default","ast-page-background-enabled":"default","ast-page-background-meta":{"desktop":{"background-color":"var(--ast-global-color-4)","background-image":"","background-repeat":"repeat","background-position":"center center","background-size":"auto","background-attachment":"scroll","background-type":"","background-media":"","overlay-type":"","overlay-color":"","overlay-opacity":"","overlay-gradient":""},"tablet":{"background-color":"","background-image":"","background-repeat":"repeat","background-position":"center center","background-size":"auto","background-attachment":"scroll","background-type":"","background-media":"","overlay-type":"","overlay-color":"","overlay-opacity":"","overlay-gradient":""},"mobile":{"background-color":"","background-image":"","background-repeat":"repeat","background-position":"center center","background-size":"auto","background-attachment":"scroll","background-type":"","background-media":"","overlay-type":"","overlay-color":"","overlay-opacity":"","overlay-gradient":""}},"ast-content-background-meta":{"desktop":{"background-color":"var(--ast-global-color-5)","background-image":"","background-repeat":"repeat","background-position":"center center","background-size":"auto","background-attachment":"scroll","background-type":"","background-media":"","overlay-type":"","overlay-color":"","overlay-opacity":"","overlay-gradient":""},"tablet":{"background-color":"var(--ast-global-color-5)","background-image":"","background-repeat":"repeat","background-position":"center center","background-size":"auto","background-attachment":"scroll","background-type":"","background-media":"","overlay-type":"","overlay-color":"","overlay-opacity":"","overlay-gradient":""},"mobile":{"background-color":"var(--ast-global-color-5)","background-image":"","background-repeat":"repeat","background-position":"center center","background-size":"auto","background-attachment":"scroll","background-type":"","background-media":"","overlay-type":"","overlay-color":"","overlay-opacity":"","overlay-gradient":""}},"footnotes":""},"class_list":["post-12","page","type-page","status-publish","hentry"],"_links":{"self":[{"href":"https:\/\/hypeloot-scam-exposed.com\/es\/wp-json\/wp\/v2\/pages\/12","targetHints":{"allow":["GET"]}}],"collection":[{"href":"https:\/\/hypeloot-scam-exposed.com\/es\/wp-json\/wp\/v2\/pages"}],"about":[{"href":"https:\/\/hypeloot-scam-exposed.com\/es\/wp-json\/wp\/v2\/types\/page"}],"author":[{"embeddable":true,"href":"https:\/\/hypeloot-scam-exposed.com\/es\/wp-json\/wp\/v2\/users\/1"}],"replies":[{"embeddable":true,"href":"https:\/\/hypeloot-scam-exposed.com\/es\/wp-json\/wp\/v2\/comments?post=12"}],"version-history":[{"count":135,"href":"https:\/\/hypeloot-scam-exposed.com\/es\/wp-json\/wp\/v2\/pages\/12\/revisions"}],"predecessor-version":[{"id":1961,"href":"https:\/\/hypeloot-scam-exposed.com\/es\/wp-json\/wp\/v2\/pages\/12\/revisions\/1961"}],"wp:attachment":[{"href":"https:\/\/hypeloot-scam-exposed.com\/es\/wp-json\/wp\/v2\/media?parent=12"}],"curies":[{"name":"wp","href":"https:\/\/api.w.org\/{rel}","templated":true}]}}